{"id":2603,"date":"2025-01-22T21:50:42","date_gmt":"2025-01-22T20:50:42","guid":{"rendered":"https:\/\/skytax.be\/?page_id=2603"},"modified":"2025-06-10T11:33:10","modified_gmt":"2025-06-10T09:33:10","slug":"services","status":"publish","type":"page","link":"https:\/\/skytax.be\/index.php\/services\/","title":{"rendered":"Services"},"content":{"rendered":"\t\t<div data-elementor-type=\"wp-page\" data-elementor-id=\"2603\" class=\"elementor elementor-2603\">\n\t\t\t\t<div class=\"elementor-element elementor-element-b530c69 e-flex e-con-boxed e-con e-parent\" data-id=\"b530c69\" data-element_type=\"container\" data-settings=\"{&quot;background_background&quot;:&quot;classic&quot;}\">\n\t\t\t\t\t<div class=\"e-con-inner\">\n\t\t\t\t<div class=\"elementor-element elementor-element-0911bbe elementor-widget elementor-widget-heading\" data-id=\"0911bbe\" data-element_type=\"widget\" data-widget_type=\"heading.default\">\n\t\t\t\t<div class=\"elementor-widget-container\">\n\t\t\t\t\t<h2 class=\"elementor-heading-title elementor-size-default\">Services<\/h2>\t\t\t\t<\/div>\n\t\t\t\t<\/div>\n\t\t\t\t<div class=\"elementor-element elementor-element-e57be8f elementor-widget elementor-widget-heading\" data-id=\"e57be8f\" data-element_type=\"widget\" data-widget_type=\"heading.default\">\n\t\t\t\t<div class=\"elementor-widget-container\">\n\t\t\t\t\t<div class=\"elementor-heading-title elementor-size-default\">Des services comptables et fiscaux sur mesure pour votre entreprise<\/div>\t\t\t\t<\/div>\n\t\t\t\t<\/div>\n\t\t\t\t<div class=\"elementor-element elementor-element-1ec8ed5 elementor-widget elementor-widget-text-editor\" data-id=\"1ec8ed5\" data-element_type=\"widget\" data-widget_type=\"text-editor.default\">\n\t\t\t\t<div class=\"elementor-widget-container\">\n\t\t\t\t\t\t\t\t\t<p>Nous proposons un large \u00e9ventail de services pour r\u00e9pondre \u00e0 tous vos besoins, qu\u2019il s\u2019agisse de cr\u00e9ation d\u2019entreprise, de gestion courante ou d\u2019optimisation fiscale. D\u00e9couvrez nos principaux domaines d\u2019expertise.<\/p>\t\t\t\t\t\t\t\t<\/div>\n\t\t\t\t<\/div>\n\t\t\t\t\t<\/div>\n\t\t\t\t<\/div>\n\t\t<div class=\"elementor-element elementor-element-f1958a0 e-flex e-con-boxed e-con e-parent\" data-id=\"f1958a0\" data-element_type=\"container\" data-settings=\"{&quot;background_background&quot;:&quot;classic&quot;}\">\n\t\t\t\t\t<div class=\"e-con-inner\">\n\t\t<div class=\"elementor-element elementor-element-69f9b17 e-con-full e-flex e-con e-child\" data-id=\"69f9b17\" data-element_type=\"container\">\n\t\t<div class=\"elementor-element elementor-element-e0f2a58 e-con-full e-flex e-con e-child\" data-id=\"e0f2a58\" data-element_type=\"container\">\n\t\t\t\t<div class=\"elementor-element elementor-element-865987f elementor-widget__width-initial elementor-widget elementor-widget-tp-info-box\" data-id=\"865987f\" data-element_type=\"widget\" data-widget_type=\"tp-info-box.default\">\n\t\t\t\t<div class=\"elementor-widget-container\">\n\t\t\t\t\t<div id=\"info_box69e8624083b92\" class=\"pt_plus_info_box hover_fadein    info_box69e8624083b92 info-box-style_3 animate-general     \"  data-id=\"info_box69e8624083b92\"  data-animate-type=\"transition.slideUpIn\" data-animate-delay=\"50\" data-animate-offset=\"85%\"   dir= data-connection=\"\" data-eventtype=\"\" ><div class=\"post-inner-loop \"><div class=\"info-box-inner content_hover_effect content_hover_grow tp-info-nc\"   ><div class=\"info-box-bg-box     \" ><div class=\"text-center\"><div class=\"service-center  \"><div class=\"info-icon-content\"><img decoding=\"async\" width=\"150\" height=\"150\" src=\"https:\/\/skytax.be\/wp-content\/uploads\/2025\/05\/list-add-svgrepo-com.svg\" class=\"service-img\" alt=\"\" \/><\/div><div class=\"service-title \"> Cr\u00e9ation et accompagnement des entreprises <\/div><div class=\"service-border\"> <\/div><div class=\"service-desc\"> <p>Nous vous accompagnons dans la cr\u00e9ation de votre entreprise et assurons sa croissance gr\u00e2ce \u00e0 un suivi personnalis\u00e9.<\/p> <\/div><\/div><\/div><div class=\"infobox-overlay-color \"><\/div><\/div><\/div><\/div><\/div>\t\t\t\t<\/div>\n\t\t\t\t<\/div>\n\t\t\t\t<div class=\"elementor-element elementor-element-1f92f2f elementor-widget__width-initial elementor-widget elementor-widget-tp-info-box\" data-id=\"1f92f2f\" data-element_type=\"widget\" data-widget_type=\"tp-info-box.default\">\n\t\t\t\t<div class=\"elementor-widget-container\">\n\t\t\t\t\t<div id=\"info_box69e8624084843\" class=\"pt_plus_info_box hover_fadein    info_box69e8624084843 info-box-style_3 animate-general     \"  data-id=\"info_box69e8624084843\"  data-animate-type=\"transition.slideUpIn\" data-animate-delay=\"50\" data-animate-offset=\"85%\"   dir= data-connection=\"\" data-eventtype=\"\" ><div class=\"post-inner-loop \"><div class=\"info-box-inner content_hover_effect content_hover_grow tp-info-nc\"   ><div class=\"info-box-bg-box     \" ><div class=\"text-center\"><div class=\"service-center  \"><div class=\"info-icon-content\"><img decoding=\"async\" width=\"150\" height=\"150\" src=\"https:\/\/skytax.be\/wp-content\/uploads\/2025\/05\/chart_13176484-150x150.png\" class=\"service-img\" alt=\"\" srcset=\"https:\/\/skytax.be\/wp-content\/uploads\/2025\/05\/chart_13176484-150x150.png 150w, https:\/\/skytax.be\/wp-content\/uploads\/2025\/05\/chart_13176484-300x300.png 300w, https:\/\/skytax.be\/wp-content\/uploads\/2025\/05\/chart_13176484-12x12.png 12w, https:\/\/skytax.be\/wp-content\/uploads\/2025\/05\/chart_13176484.png 512w\" sizes=\"(max-width: 150px) 100vw, 150px\" \/><\/div><div class=\"service-title \"> Comptabilit\u00e9 g\u00e9n\u00e9rale et analytique <\/div><div class=\"service-border\"> <\/div><div class=\"service-desc\"> <p>Nous assurons la tenue compl\u00e8te de votre comptabilit\u00e9 tout en vous fournissant une analyse d\u00e9taill\u00e9e des chiffres cl\u00e9s, pour piloter votre activit\u00e9 avec pr\u00e9cision.<\/p> <\/div><\/div><\/div><div class=\"infobox-overlay-color \"><\/div><\/div><\/div><\/div><\/div>\t\t\t\t<\/div>\n\t\t\t\t<\/div>\n\t\t\t\t<div class=\"elementor-element elementor-element-d99ef48 elementor-widget__width-initial elementor-widget elementor-widget-tp-info-box\" data-id=\"d99ef48\" data-element_type=\"widget\" data-widget_type=\"tp-info-box.default\">\n\t\t\t\t<div class=\"elementor-widget-container\">\n\t\t\t\t\t<div id=\"info_box69e86240852f3\" class=\"pt_plus_info_box hover_fadein    info_box69e86240852f3 info-box-style_3 animate-general     \"  data-id=\"info_box69e86240852f3\"  data-animate-type=\"transition.slideUpIn\" data-animate-delay=\"50\" data-animate-offset=\"85%\"   dir= data-connection=\"\" data-eventtype=\"\" ><div class=\"post-inner-loop \"><div class=\"info-box-inner content_hover_effect content_hover_grow tp-info-nc\"   ><div class=\"info-box-bg-box     \" ><div class=\"text-center\"><div class=\"service-center  \"><div class=\"info-icon-content\"><img decoding=\"async\" width=\"150\" height=\"150\" src=\"https:\/\/skytax.be\/wp-content\/uploads\/2025\/05\/business-report_8840668-150x150.png\" class=\"service-img\" alt=\"\" srcset=\"https:\/\/skytax.be\/wp-content\/uploads\/2025\/05\/business-report_8840668-150x150.png 150w, https:\/\/skytax.be\/wp-content\/uploads\/2025\/05\/business-report_8840668-300x300.png 300w, https:\/\/skytax.be\/wp-content\/uploads\/2025\/05\/business-report_8840668-12x12.png 12w, https:\/\/skytax.be\/wp-content\/uploads\/2025\/05\/business-report_8840668.png 512w\" sizes=\"(max-width: 150px) 100vw, 150px\" \/><\/div><div class=\"service-title \"> Gestion fiscale et optimisation <\/div><div class=\"service-border\"> <\/div><div class=\"service-desc\"> <p>Nous vous aidons \u00e0 respecter vos obligations fiscales tout en identifiant les leviers d\u2019optimisation adapt\u00e9s \u00e0 votre activit\u00e9 pour all\u00e9ger la pression fiscale.<\/p> <\/div><\/div><\/div><div class=\"infobox-overlay-color \"><\/div><\/div><\/div><\/div><\/div>\t\t\t\t<\/div>\n\t\t\t\t<\/div>\n\t\t\t\t<\/div>\n\t\t<div class=\"elementor-element elementor-element-792d15f e-con-full e-flex e-con e-child\" data-id=\"792d15f\" data-element_type=\"container\">\n\t\t\t\t<div class=\"elementor-element elementor-element-7488e7f elementor-widget__width-initial elementor-widget elementor-widget-tp-info-box\" data-id=\"7488e7f\" data-element_type=\"widget\" data-widget_type=\"tp-info-box.default\">\n\t\t\t\t<div class=\"elementor-widget-container\">\n\t\t\t\t\t<div id=\"info_box69e8624085f05\" class=\"pt_plus_info_box hover_fadein    info_box69e8624085f05 info-box-style_3 animate-general     \"  data-id=\"info_box69e8624085f05\"  data-animate-type=\"transition.slideUpIn\" data-animate-delay=\"50\" data-animate-offset=\"85%\"   dir= data-connection=\"\" data-eventtype=\"\" ><div class=\"post-inner-loop \"><div class=\"info-box-inner content_hover_effect content_hover_grow tp-info-nc\"   ><div class=\"info-box-bg-box     \" ><div class=\"text-center\"><div class=\"service-center  \"><div class=\"info-icon-content\"><img loading=\"lazy\" decoding=\"async\" width=\"150\" height=\"150\" src=\"https:\/\/skytax.be\/wp-content\/uploads\/2025\/05\/salary_9520997-150x150.png\" class=\"service-img\" alt=\"\" srcset=\"https:\/\/skytax.be\/wp-content\/uploads\/2025\/05\/salary_9520997-150x150.png 150w, https:\/\/skytax.be\/wp-content\/uploads\/2025\/05\/salary_9520997-300x300.png 300w, https:\/\/skytax.be\/wp-content\/uploads\/2025\/05\/salary_9520997-12x12.png 12w, https:\/\/skytax.be\/wp-content\/uploads\/2025\/05\/salary_9520997.png 512w\" sizes=\"(max-width: 150px) 100vw, 150px\" \/><\/div><div class=\"service-title \"> Gestion du payroll du dirigeant d\u2019entreprise <\/div><div class=\"service-border\"> <\/div><div class=\"service-desc\"> <p>Nous prenons en charge la paie du dirigeant, avec une approche sur mesure int\u00e9grant les sp\u00e9cificit\u00e9s fiscales et sociales li\u00e9es \u00e0 votre statut.<\/p> <\/div><\/div><\/div><div class=\"infobox-overlay-color \"><\/div><\/div><\/div><\/div><\/div>\t\t\t\t<\/div>\n\t\t\t\t<\/div>\n\t\t\t\t<div class=\"elementor-element elementor-element-473239e elementor-widget__width-initial elementor-widget elementor-widget-tp-info-box\" data-id=\"473239e\" data-element_type=\"widget\" data-widget_type=\"tp-info-box.default\">\n\t\t\t\t<div class=\"elementor-widget-container\">\n\t\t\t\t\t<div id=\"info_box69e86240869c2\" class=\"pt_plus_info_box hover_fadein    info_box69e86240869c2 info-box-style_3 animate-general     \"  data-id=\"info_box69e86240869c2\"  data-animate-type=\"transition.slideUpIn\" data-animate-delay=\"50\" data-animate-offset=\"85%\"   dir= data-connection=\"\" data-eventtype=\"\" ><div class=\"post-inner-loop \"><div class=\"info-box-inner content_hover_effect content_hover_grow tp-info-nc\"   ><div class=\"info-box-bg-box     \" ><div class=\"text-center\"><div class=\"service-center  \"><div class=\"info-icon-content\"><img loading=\"lazy\" decoding=\"async\" width=\"150\" height=\"150\" src=\"https:\/\/skytax.be\/wp-content\/uploads\/2025\/05\/15130114-150x150.png\" class=\"service-img\" alt=\"\" srcset=\"https:\/\/skytax.be\/wp-content\/uploads\/2025\/05\/15130114-150x150.png 150w, https:\/\/skytax.be\/wp-content\/uploads\/2025\/05\/15130114-300x300.png 300w, https:\/\/skytax.be\/wp-content\/uploads\/2025\/05\/15130114-12x12.png 12w, https:\/\/skytax.be\/wp-content\/uploads\/2025\/05\/15130114.png 512w\" sizes=\"(max-width: 150px) 100vw, 150px\" \/><\/div><div class=\"service-title \"> \u00c9tablissement de budgets pr\u00e9visionnels <\/div><div class=\"service-border\"> <\/div><div class=\"service-desc\"> <p>Nous \u00e9laborons vos budgets pr\u00e9visionnels en tenant compte de vos objectifs strat\u00e9giques, pour mieux anticiper, investir et s\u00e9curiser vos d\u00e9cisions.<\/p> <\/div><\/div><\/div><div class=\"infobox-overlay-color \"><\/div><\/div><\/div><\/div><\/div>\t\t\t\t<\/div>\n\t\t\t\t<\/div>\n\t\t\t\t<div class=\"elementor-element elementor-element-9d3482e elementor-widget__width-initial elementor-widget elementor-widget-tp-info-box\" data-id=\"9d3482e\" data-element_type=\"widget\" data-widget_type=\"tp-info-box.default\">\n\t\t\t\t<div class=\"elementor-widget-container\">\n\t\t\t\t\t<div id=\"info_box69e8624087502\" class=\"pt_plus_info_box hover_fadein    info_box69e8624087502 info-box-style_3 animate-general     \"  data-id=\"info_box69e8624087502\"  data-animate-type=\"transition.slideUpIn\" data-animate-delay=\"50\" data-animate-offset=\"85%\"   dir= data-connection=\"\" data-eventtype=\"\" ><div class=\"post-inner-loop \"><div class=\"info-box-inner content_hover_effect content_hover_grow tp-info-nc\"   ><div class=\"info-box-bg-box     \" ><div class=\"text-center\"><div class=\"service-center  \"><div class=\"info-icon-content\"><img loading=\"lazy\" decoding=\"async\" width=\"150\" height=\"150\" src=\"https:\/\/skytax.be\/wp-content\/uploads\/2025\/05\/6994004-150x150.png\" class=\"service-img\" alt=\"\" srcset=\"https:\/\/skytax.be\/wp-content\/uploads\/2025\/05\/6994004-150x150.png 150w, https:\/\/skytax.be\/wp-content\/uploads\/2025\/05\/6994004-300x300.png 300w, https:\/\/skytax.be\/wp-content\/uploads\/2025\/05\/6994004-12x12.png 12w, https:\/\/skytax.be\/wp-content\/uploads\/2025\/05\/6994004.png 512w\" sizes=\"(max-width: 150px) 100vw, 150px\" \/><\/div><div class=\"service-title \"> International Mobility <\/div><div class=\"service-border\"> <\/div><div class=\"service-desc\"> <p>Que ce soit pour les expatriations, d\u00e9tachements ou mobilit\u00e9s transfrontali\u00e8res, nous g\u00e9rons les aspects fiscaux, sociaux et administratifs li\u00e9s \u00e0 vos mouvements \u00e0 l\u2019international.<\/p> <\/div><\/div><\/div><div class=\"infobox-overlay-color \"><\/div><\/div><\/div><\/div><\/div>\t\t\t\t<\/div>\n\t\t\t\t<\/div>\n\t\t\t\t<\/div>\n\t\t<div class=\"elementor-element elementor-element-842981a e-con-full e-flex e-con e-child\" data-id=\"842981a\" data-element_type=\"container\">\n\t\t\t\t<div class=\"elementor-element elementor-element-8158544 elementor-widget__width-initial elementor-widget elementor-widget-tp-info-box\" data-id=\"8158544\" data-element_type=\"widget\" data-widget_type=\"tp-info-box.default\">\n\t\t\t\t<div class=\"elementor-widget-container\">\n\t\t\t\t\t<div id=\"info_box69e86240881ba\" class=\"pt_plus_info_box hover_fadein    info_box69e86240881ba info-box-style_3 animate-general     \"  data-id=\"info_box69e86240881ba\"  data-animate-type=\"transition.slideUpIn\" data-animate-delay=\"50\" data-animate-offset=\"85%\"   dir= data-connection=\"\" data-eventtype=\"\" ><div class=\"post-inner-loop \"><div class=\"info-box-inner content_hover_effect content_hover_grow tp-info-nc\"   ><div class=\"info-box-bg-box     \" ><div class=\"text-center\"><div class=\"service-center  \"><div class=\"info-icon-content\"><img loading=\"lazy\" decoding=\"async\" width=\"150\" height=\"150\" src=\"https:\/\/skytax.be\/wp-content\/uploads\/2025\/05\/17317857-150x150.png\" class=\"service-img\" alt=\"\" srcset=\"https:\/\/skytax.be\/wp-content\/uploads\/2025\/05\/17317857-150x150.png 150w, https:\/\/skytax.be\/wp-content\/uploads\/2025\/05\/17317857-300x300.png 300w, https:\/\/skytax.be\/wp-content\/uploads\/2025\/05\/17317857-12x12.png 12w, https:\/\/skytax.be\/wp-content\/uploads\/2025\/05\/17317857.png 512w\" sizes=\"(max-width: 150px) 100vw, 150px\" \/><\/div><div class=\"service-title \"> Digitalisation et automatisation des processus <\/div><div class=\"service-border\"> <\/div><div class=\"service-desc\"> <p>Nous vous aidons \u00e0 automatiser vos processus comptables et administratifs gr\u00e2ce \u00e0 des outils digitaux modernes, pour gagner en temps, en fiabilit\u00e9 et en visibilit\u00e9.<\/p> <\/div><\/div><\/div><div class=\"infobox-overlay-color \"><\/div><\/div><\/div><\/div><\/div>\t\t\t\t<\/div>\n\t\t\t\t<\/div>\n\t\t\t\t<div class=\"elementor-element elementor-element-9672bdd elementor-widget__width-initial elementor-widget elementor-widget-tp-info-box\" data-id=\"9672bdd\" data-element_type=\"widget\" data-widget_type=\"tp-info-box.default\">\n\t\t\t\t<div class=\"elementor-widget-container\">\n\t\t\t\t\t<div id=\"info_box69e8624088d8b\" class=\"pt_plus_info_box hover_fadein    info_box69e8624088d8b info-box-style_3 animate-general     \"  data-id=\"info_box69e8624088d8b\"  data-animate-type=\"transition.slideUpIn\" data-animate-delay=\"50\" data-animate-offset=\"85%\"   dir= data-connection=\"\" data-eventtype=\"\" ><div class=\"post-inner-loop \"><div class=\"info-box-inner content_hover_effect content_hover_grow tp-info-nc\"   ><div class=\"info-box-bg-box     \" ><div class=\"text-center\"><div class=\"service-center  \"><div class=\"info-icon-content\"><img loading=\"lazy\" decoding=\"async\" width=\"150\" height=\"150\" src=\"https:\/\/skytax.be\/wp-content\/uploads\/2025\/06\/fusion-2-150x150.png\" class=\"service-img\" alt=\"\" srcset=\"https:\/\/skytax.be\/wp-content\/uploads\/2025\/06\/fusion-2-150x150.png 150w, https:\/\/skytax.be\/wp-content\/uploads\/2025\/06\/fusion-2-300x300.png 300w, https:\/\/skytax.be\/wp-content\/uploads\/2025\/06\/fusion-2-12x12.png 12w, https:\/\/skytax.be\/wp-content\/uploads\/2025\/06\/fusion-2.png 500w\" sizes=\"(max-width: 150px) 100vw, 150px\" \/><\/div><div class=\"service-title \"> Missions sp\u00e9ciales <\/div><div class=\"service-border\"> <\/div><div class=\"service-desc\"> <p>Dissolutions, liquidations et fusions de soci\u00e9t\u00e9s<\/p> <\/div><\/div><\/div><div class=\"infobox-overlay-color \"><\/div><\/div><\/div><\/div><\/div>\t\t\t\t<\/div>\n\t\t\t\t<\/div>\n\t\t\t\t<\/div>\n\t\t\t\t<\/div>\n\t\t\t\t\t<\/div>\n\t\t\t\t<\/div>\n\t\t\t\t<\/div>\n\t\t","protected":false},"excerpt":{"rendered":"<p>Services Des services comptables et fiscaux sur mesure pour votre entreprise Nous proposons un large \u00e9ventail de services pour r\u00e9pondre [&hellip;]<\/p>\n","protected":false},"author":1,"featured_media":0,"parent":0,"menu_order":0,"comment_status":"closed","ping_status":"closed","template":"","meta":{"site-sidebar-layout":"no-sidebar","site-content-layout":"","ast-site-content-layout":"full-width-container","site-content-style":"default","site-sidebar-style":"default","ast-global-header-display":"","ast-banner-title-visibility":"","ast-main-header-display":"","ast-hfb-above-header-display":"","ast-hfb-below-header-display":"","ast-hfb-mobile-header-display":"","site-post-title":"disabled","ast-breadcrumbs-content":"","ast-featured-img":"disabled","footer-sml-layout":"","theme-transparent-header-meta":"","adv-header-id-meta":"","stick-header-meta":"","header-above-stick-meta":"","header-main-stick-meta":"","header-below-stick-meta":"","astra-migrate-meta-layouts":"default","ast-page-background-enabled":"default","ast-page-background-meta":{"desktop":{"background-color":"var(--ast-global-color-4)","background-image":"","background-repeat":"repeat","background-position":"center center","background-size":"auto","background-attachment":"scroll","background-type":"","background-media":"","overlay-type":"","overlay-color":"","overlay-opacity":"","overlay-gradient":""},"tablet":{"background-color":"","background-image":"","background-repeat":"repeat","background-position":"center center","background-size":"auto","background-attachment":"scroll","background-type":"","background-media":"","overlay-type":"","overlay-color":"","overlay-opacity":"","overlay-gradient":""},"mobile":{"background-color":"","background-image":"","background-repeat":"repeat","background-position":"center center","background-size":"auto","background-attachment":"scroll","background-type":"","background-media":"","overlay-type":"","overlay-color":"","overlay-opacity":"","overlay-gradient":""}},"ast-content-background-meta":{"desktop":{"background-color":"var(--ast-global-color-5)","background-image":"","background-repeat":"repeat","background-position":"center center","background-size":"auto","background-attachment":"scroll","background-type":"","background-media":"","overlay-type":"","overlay-color":"","overlay-opacity":"","overlay-gradient":""},"tablet":{"background-color":"var(--ast-global-color-5)","background-image":"","background-repeat":"repeat","background-position":"center center","background-size":"auto","background-attachment":"scroll","background-type":"","background-media":"","overlay-type":"","overlay-color":"","overlay-opacity":"","overlay-gradient":""},"mobile":{"background-color":"var(--ast-global-color-5)","background-image":"","background-repeat":"repeat","background-position":"center center","background-size":"auto","background-attachment":"scroll","background-type":"","background-media":"","overlay-type":"","overlay-color":"","overlay-opacity":"","overlay-gradient":""}},"footnotes":""},"class_list":["post-2603","page","type-page","status-publish","hentry"],"jetpack_sharing_enabled":true,"_links":{"self":[{"href":"https:\/\/skytax.be\/index.php\/wp-json\/wp\/v2\/pages\/2603","targetHints":{"allow":["GET"]}}],"collection":[{"href":"https:\/\/skytax.be\/index.php\/wp-json\/wp\/v2\/pages"}],"about":[{"href":"https:\/\/skytax.be\/index.php\/wp-json\/wp\/v2\/types\/page"}],"author":[{"embeddable":true,"href":"https:\/\/skytax.be\/index.php\/wp-json\/wp\/v2\/users\/1"}],"replies":[{"embeddable":true,"href":"https:\/\/skytax.be\/index.php\/wp-json\/wp\/v2\/comments?post=2603"}],"version-history":[{"count":58,"href":"https:\/\/skytax.be\/index.php\/wp-json\/wp\/v2\/pages\/2603\/revisions"}],"predecessor-version":[{"id":2999,"href":"https:\/\/skytax.be\/index.php\/wp-json\/wp\/v2\/pages\/2603\/revisions\/2999"}],"wp:attachment":[{"href":"https:\/\/skytax.be\/index.php\/wp-json\/wp\/v2\/media?parent=2603"}],"curies":[{"name":"wp","href":"https:\/\/api.w.org\/{rel}","templated":true}]}}