{"id":2514,"date":"2025-01-22T18:45:21","date_gmt":"2025-01-22T17:45:21","guid":{"rendered":"https:\/\/skytax.be\/?page_id=2514"},"modified":"2025-06-01T15:15:16","modified_gmt":"2025-06-01T13:15:16","slug":"elementor-2514","status":"publish","type":"page","link":"https:\/\/skytax.be\/index.php\/elementor-2514\/","title":{"rendered":"\u00c0 propos \/ Qui sommes-nous"},"content":{"rendered":"\t\t<div data-elementor-type=\"wp-page\" data-elementor-id=\"2514\" class=\"elementor elementor-2514\">\n\t\t\t\t\t\t<section class=\"elementor-section elementor-top-section elementor-element elementor-element-1035bdd7 elementor-section-boxed elementor-section-height-default elementor-section-height-default\" data-id=\"1035bdd7\" data-element_type=\"section\" data-settings=\"{&quot;background_background&quot;:&quot;classic&quot;}\">\n\t\t\t\t\t\t<div class=\"elementor-container elementor-column-gap-no\">\n\t\t\t\t\t<div class=\"elementor-column elementor-col-100 elementor-top-column elementor-element elementor-element-38629fff\" data-id=\"38629fff\" data-element_type=\"column\">\n\t\t\t<div class=\"elementor-widget-wrap elementor-element-populated\">\n\t\t\t\t<div class=\"elementor-element elementor-element-4513caf e-con-full e-flex e-con e-parent\" data-id=\"4513caf\" data-element_type=\"container\" data-settings=\"{&quot;background_background&quot;:&quot;classic&quot;}\">\n\t\t<div class=\"elementor-element elementor-element-6c08f81 e-con-full e-flex e-con e-child\" data-id=\"6c08f81\" data-element_type=\"container\">\n\t\t\t\t<div class=\"elementor-element elementor-element-b732593 elementor-widget__width-initial elementor-widget elementor-widget-heading\" data-id=\"b732593\" data-element_type=\"widget\" data-widget_type=\"heading.default\">\n\t\t\t\t<div class=\"elementor-widget-container\">\n\t\t\t\t\t<h1 class=\"elementor-heading-title elementor-size-default\">Une histoire d\u2019expertise et de passion<\/h1>\t\t\t\t<\/div>\n\t\t\t\t<\/div>\n\t\t\t\t<\/div>\n\t\t\t\t<\/div>\n\t\t<div class=\"elementor-element elementor-element-711b4b5 e-con-full e-flex e-con e-parent\" data-id=\"711b4b5\" data-element_type=\"container\" data-settings=\"{&quot;background_background&quot;:&quot;classic&quot;}\">\n\t\t\t\t<div class=\"elementor-element elementor-element-1a220ce elementor-widget elementor-widget-image\" data-id=\"1a220ce\" data-element_type=\"widget\" data-widget_type=\"image.default\">\n\t\t\t\t<div class=\"elementor-widget-container\">\n\t\t\t\t\t\t\t\t\t\t\t\t\t\t\t<img decoding=\"async\" src=\"https:\/\/skytax.be\/wp-content\/uploads\/2025\/04\/notre-histoire3.png\" title=\"notre histoire3\" alt=\"notre histoire3\" loading=\"lazy\" \/>\t\t\t\t\t\t\t\t\t\t\t\t\t\t\t<\/div>\n\t\t\t\t<\/div>\n\t\t<div class=\"elementor-element elementor-element-26a1b29 e-flex e-con-boxed e-con e-child\" data-id=\"26a1b29\" data-element_type=\"container\">\n\t\t\t\t\t<div class=\"e-con-inner\">\n\t\t\t\t<div class=\"elementor-element elementor-element-8a2c82a elementor-widget elementor-widget-heading\" data-id=\"8a2c82a\" data-element_type=\"widget\" data-widget_type=\"heading.default\">\n\t\t\t\t<div class=\"elementor-widget-container\">\n\t\t\t\t\t<h3 class=\"elementor-heading-title elementor-size-default\">Notre histoire<\/h3>\t\t\t\t<\/div>\n\t\t\t\t<\/div>\n\t\t\t\t<div class=\"elementor-element elementor-element-66fbf91 elementor-widget__width-initial elementor-widget elementor-widget-text-editor\" data-id=\"66fbf91\" data-element_type=\"widget\" data-widget_type=\"text-editor.default\">\n\t\t\t\t<div class=\"elementor-widget-container\">\n\t\t\t\t\t\t\t\t\t<p>L\u2019aventure de notre cabinet repose sur une amiti\u00e9 et une collaboration de longue date entre ses deux associ\u00e9s, <strong>Yassine Karraz<\/strong> et <strong>Shaib\u00a0Hammit<\/strong>. Leur parcours commun a d\u00e9but\u00e9 sur les bancs de l\u2019Ath\u00e9n\u00e9e Royal de Jette, o\u00f9 ils ont tiss\u00e9 un lien de confiance solide. Ils ont ensuite poursuivi leurs \u00e9tudes \u00e0 la Haute \u00c9cole Francisco Ferrer, obtenant des dipl\u00f4mes en comptabilit\u00e9 et en gestion. D\u00e9sireux de parfaire leurs connaissances, ils d\u00e9cident de poursuivre un Executive Master en sciences fiscales aupr\u00e8s du prestigieux \u00e9tablissement ICHEC-ESSF.\u00a0\u00a0Parall\u00e8lement \u00e0 leurs activit\u00e9s quotidiennes, ils ont poursuivi leurs formations d&rsquo;expert-comptable et conseil fiscal aupr\u00e8s de l&rsquo;ITAA (Institute for tax advisors &amp; Accountants).<\/p><p>Apr\u00e8s leurs cursus respectifs, Yassine et Shaib ont d\u00e9velopp\u00e9 leurs comp\u00e9tences de mani\u00e8re ind\u00e9pendante, travaillant pendant plus de dix ans aupr\u00e8s d\u2019employeurs vari\u00e9s. Ces exp\u00e9riences leur ont permis de ma\u00eetriser aussi bien l\u2019accompagnement des grandes multinationales que le conseil aux PME. Forts de ce bagage, ils ont d\u00e9cid\u00e9 d\u2019unir leurs forces pour fonder <strong>SkyTax<\/strong>, un cabinet moderne et 100% digital, capable de r\u00e9pondre aux besoins des entreprises de toutes tailles.<\/p><p>Aujourd\u2019hui, l\u2019\u00e9quipe <strong>SkyTax<\/strong> met \u00e0 profit cette expertise multidisciplinaire et son go\u00fbt pour l\u2019innovation afin de proposer des solutions sur mesure, adapt\u00e9es \u00e0 chaque client. Notre engagement : vous offrir un accompagnement fiable, transparent et tourn\u00e9 vers l\u2019avenir.<\/p>\t\t\t\t\t\t\t\t<\/div>\n\t\t\t\t<\/div>\n\t\t\t\t\t<\/div>\n\t\t\t\t<\/div>\n\t\t\t\t<\/div>\n\t\t\t\t\t<\/div>\n\t\t<\/div>\n\t\t\t\t\t<\/div>\n\t\t<\/section>\n\t\t\t\t<section class=\"elementor-section elementor-top-section elementor-element elementor-element-6ad88149 elementor-section-boxed elementor-section-height-default elementor-section-height-default\" data-id=\"6ad88149\" data-element_type=\"section\" data-settings=\"{&quot;background_background&quot;:&quot;classic&quot;}\">\n\t\t\t\t\t\t<div class=\"elementor-container elementor-column-gap-no\">\n\t\t\t\t\t<div class=\"elementor-column elementor-col-100 elementor-top-column elementor-element elementor-element-30f89440\" data-id=\"30f89440\" data-element_type=\"column\">\n\t\t\t<div class=\"elementor-widget-wrap elementor-element-populated\">\n\t\t\t\t\t\t<section class=\"elementor-section elementor-inner-section elementor-element elementor-element-12f8f229 elementor-section-boxed elementor-section-height-default elementor-section-height-default\" data-id=\"12f8f229\" data-element_type=\"section\" data-settings=\"{&quot;background_background&quot;:&quot;classic&quot;}\">\n\t\t\t\t\t\t<div class=\"elementor-container elementor-column-gap-no\">\n\t\t\t\t\t<div class=\"elementor-column elementor-col-33 elementor-inner-column elementor-element elementor-element-e1317a5\" data-id=\"e1317a5\" data-element_type=\"column\">\n\t\t\t<div class=\"elementor-widget-wrap elementor-element-populated\">\n\t\t\t\t\t\t<div class=\"elementor-element elementor-element-58ef9e66 elementor-widget-divider--view-line elementor-widget elementor-widget-divider\" data-id=\"58ef9e66\" data-element_type=\"widget\" data-widget_type=\"divider.default\">\n\t\t\t\t<div class=\"elementor-widget-container\">\n\t\t\t\t\t\t\t<div class=\"elementor-divider\">\n\t\t\t<span class=\"elementor-divider-separator\">\n\t\t\t\t\t\t<\/span>\n\t\t<\/div>\n\t\t\t\t\t\t<\/div>\n\t\t\t\t<\/div>\n\t\t\t\t\t<\/div>\n\t\t<\/div>\n\t\t\t\t<div class=\"elementor-column elementor-col-33 elementor-inner-column elementor-element elementor-element-4c7bc61b\" data-id=\"4c7bc61b\" data-element_type=\"column\">\n\t\t\t<div class=\"elementor-widget-wrap elementor-element-populated\">\n\t\t\t\t\t\t<div class=\"elementor-element elementor-element-31f9c6e2 elementor-widget__width-inherit elementor-widget-tablet__width-inherit elementor-widget elementor-widget-heading\" data-id=\"31f9c6e2\" data-element_type=\"widget\" data-widget_type=\"heading.default\">\n\t\t\t\t<div class=\"elementor-widget-container\">\n\t\t\t\t\t<h1 class=\"elementor-heading-title elementor-size-default\">Contactez-nous<\/h1>\t\t\t\t<\/div>\n\t\t\t\t<\/div>\n\t\t\t\t<div class=\"elementor-element elementor-element-46055a60 elementor-widget__width-inherit elementor-widget-tablet__width-inherit elementor-widget-mobile__width-inherit elementor-widget elementor-widget-heading\" data-id=\"46055a60\" data-element_type=\"widget\" data-widget_type=\"heading.default\">\n\t\t\t\t<div class=\"elementor-widget-container\">\n\t\t\t\t\t<p class=\"elementor-heading-title elementor-size-default\">info@skytax.be<\/p>\t\t\t\t<\/div>\n\t\t\t\t<\/div>\n\t\t\t\t\t<\/div>\n\t\t<\/div>\n\t\t\t\t<div class=\"elementor-column elementor-col-33 elementor-inner-column elementor-element elementor-element-624f0664\" data-id=\"624f0664\" data-element_type=\"column\">\n\t\t\t<div class=\"elementor-widget-wrap elementor-element-populated\">\n\t\t\t\t\t\t<div class=\"elementor-element elementor-element-66fa4fc8 elementor-widget-divider--view-line elementor-widget elementor-widget-divider\" data-id=\"66fa4fc8\" data-element_type=\"widget\" data-widget_type=\"divider.default\">\n\t\t\t\t<div class=\"elementor-widget-container\">\n\t\t\t\t\t\t\t<div class=\"elementor-divider\">\n\t\t\t<span class=\"elementor-divider-separator\">\n\t\t\t\t\t\t<\/span>\n\t\t<\/div>\n\t\t\t\t\t\t<\/div>\n\t\t\t\t<\/div>\n\t\t\t\t\t<\/div>\n\t\t<\/div>\n\t\t\t\t\t<\/div>\n\t\t<\/section>\n\t\t\t\t\t<\/div>\n\t\t<\/div>\n\t\t\t\t\t<\/div>\n\t\t<\/section>\n\t\t\t\t<\/div>\n\t\t","protected":false},"excerpt":{"rendered":"<p>Une histoire d\u2019expertise et de passion Notre histoire L\u2019aventure de notre cabinet repose sur une amiti\u00e9 et une collaboration de [&hellip;]<\/p>\n","protected":false},"author":1,"featured_media":0,"parent":0,"menu_order":0,"comment_status":"closed","ping_status":"closed","template":"","meta":{"site-sidebar-layout":"no-sidebar","site-content-layout":"","ast-site-content-layout":"full-width-container","site-content-style":"default","site-sidebar-style":"default","ast-global-header-display":"","ast-banner-title-visibility":"","ast-main-header-display":"","ast-hfb-above-header-display":"","ast-hfb-below-header-display":"","ast-hfb-mobile-header-display":"","site-post-title":"disabled","ast-breadcrumbs-content":"","ast-featured-img":"disabled","footer-sml-layout":"","theme-transparent-header-meta":"","adv-header-id-meta":"","stick-header-meta":"","header-above-stick-meta":"","header-main-stick-meta":"","header-below-stick-meta":"","astra-migrate-meta-layouts":"default","ast-page-background-enabled":"default","ast-page-background-meta":{"desktop":{"background-color":"var(--ast-global-color-4)","background-image":"","background-repeat":"repeat","background-position":"center center","background-size":"auto","background-attachment":"scroll","background-type":"","background-media":"","overlay-type":"","overlay-color":"","overlay-opacity":"","overlay-gradient":""},"tablet":{"background-color":"","background-image":"","background-repeat":"repeat","background-position":"center center","background-size":"auto","background-attachment":"scroll","background-type":"","background-media":"","overlay-type":"","overlay-color":"","overlay-opacity":"","overlay-gradient":""},"mobile":{"background-color":"","background-image":"","background-repeat":"repeat","background-position":"center center","background-size":"auto","background-attachment":"scroll","background-type":"","background-media":"","overlay-type":"","overlay-color":"","overlay-opacity":"","overlay-gradient":""}},"ast-content-background-meta":{"desktop":{"background-color":"var(--ast-global-color-5)","background-image":"","background-repeat":"repeat","background-position":"center center","background-size":"auto","background-attachment":"scroll","background-type":"","background-media":"","overlay-type":"","overlay-color":"","overlay-opacity":"","overlay-gradient":""},"tablet":{"background-color":"var(--ast-global-color-5)","background-image":"","background-repeat":"repeat","background-position":"center center","background-size":"auto","background-attachment":"scroll","background-type":"","background-media":"","overlay-type":"","overlay-color":"","overlay-opacity":"","overlay-gradient":""},"mobile":{"background-color":"var(--ast-global-color-5)","background-image":"","background-repeat":"repeat","background-position":"center center","background-size":"auto","background-attachment":"scroll","background-type":"","background-media":"","overlay-type":"","overlay-color":"","overlay-opacity":"","overlay-gradient":""}},"footnotes":""},"class_list":["post-2514","page","type-page","status-publish","hentry"],"jetpack_sharing_enabled":true,"_links":{"self":[{"href":"https:\/\/skytax.be\/index.php\/wp-json\/wp\/v2\/pages\/2514","targetHints":{"allow":["GET"]}}],"collection":[{"href":"https:\/\/skytax.be\/index.php\/wp-json\/wp\/v2\/pages"}],"about":[{"href":"https:\/\/skytax.be\/index.php\/wp-json\/wp\/v2\/types\/page"}],"author":[{"embeddable":true,"href":"https:\/\/skytax.be\/index.php\/wp-json\/wp\/v2\/users\/1"}],"replies":[{"embeddable":true,"href":"https:\/\/skytax.be\/index.php\/wp-json\/wp\/v2\/comments?post=2514"}],"version-history":[{"count":40,"href":"https:\/\/skytax.be\/index.php\/wp-json\/wp\/v2\/pages\/2514\/revisions"}],"predecessor-version":[{"id":2937,"href":"https:\/\/skytax.be\/index.php\/wp-json\/wp\/v2\/pages\/2514\/revisions\/2937"}],"wp:attachment":[{"href":"https:\/\/skytax.be\/index.php\/wp-json\/wp\/v2\/media?parent=2514"}],"curies":[{"name":"wp","href":"https:\/\/api.w.org\/{rel}","templated":true}]}}